{"id":2021,"date":"2018-11-19T14:31:26","date_gmt":"2018-11-19T13:31:26","guid":{"rendered":"http:\/\/aransantamaria.com\/?page_id=2021"},"modified":"2018-11-23T13:08:48","modified_gmt":"2018-11-23T12:08:48","slug":"politica-de-cookies","status":"publish","type":"page","link":"https:\/\/aransantamaria.com\/es\/politica-de-cookies\/","title":{"rendered":"Pol\u00edtica de Cookies"},"content":{"rendered":"<div class=\"bm-builder clearfix \"><div id=\"\" class=\"module col-12 module-id-1542974812228\" data-module-col=\"12\"><div class=\"module-inside text-inside\" style=\"--top-mod: 0px;--bottom-mod: 0px;--top-mod-t: 0px;--bottom-mod-t: 0px;--top-mod-m:0px;--bottom-mod-m:0px;\" ><div class=\"text_block_out\"  data-effect=\"standard\" style=\"\"><div class=\"text_block ux-mod-nobg\"><div class=\"text_block_inn\"><div id=\"text-1542974812228\" class=\"text_block_centered \"  style=\"\"><p>Esta Web, al igual que la mayor\u00eda en Internet, usa cookies para mejorar la navegaci\u00f3n del Usuario. A continuaci\u00f3n encontrar\u00e1 informaci\u00f3n sobre qu\u00e9 son las \u201ccookies\u201d, el tipo de cookies que utiliza esta Web, c\u00f3mo puede desactivar las cookies en su navegador o c\u00f3mo desactivar la instalaci\u00f3n de cookies de terceros.<\/p>\r\n<h5 style=\"color: rgb(65, 65, 69);\">\u00bfQu\u00e9 son las cookies?<\/h5>\r\n<p>Las cookies son archivos que, la Web visitada, o la aplicaci\u00f3n que utiliza el Usuario, instala en su ordenador o en su dispositivo (Smartphone, tableta o televisi\u00f3n conectada) durante su visita.<\/p>\r\n<p>Las cookies se utilizan para:<br>\u00b7 Asegurar que las p\u00e1ginas Web pueden funcionar correctamente Almacenar las preferencias del Usuario, el idioma o el tama\u00f1o de letra, etc.<br>\u00b7 Conocer su experiencia de navegaci\u00f3n.<br>\u00b7 Recopilar informaci\u00f3n estad\u00edstica an\u00f3nima, como qu\u00e9 p\u00e1ginas ha visto el Usuario o durante cu\u00e1nto tiempo la ha visitado.<\/p>\r\n<h5 style=\"color: rgb(65, 65, 69);\">\u00bfPor qu\u00e9 son importantes? \u2028<\/h5>\r\n<p>Las cookies son \u00fatiles por varios motivos. Desde un punto de vista t\u00e9cnico, permiten que las p\u00e1ginas Web funcionen de forma m\u00e1s \u00e1gil y adaptada a las preferencias del Usuario, Adem\u00e1s, ayudan a los responsables de las p\u00e1ginas Web a mejorar los servicios que ofrecen, gracias a la informaci\u00f3n estad\u00edstica que recogen a trav\u00e9s de ellas.<\/p>\r\n<h5 style=\"color: rgb(65, 65, 69);\">Tipos de cookies<\/h5>\r\n<p>En funci\u00f3n de su naturaleza, las cookies pueden clasificarse en:<br><span style=\"outline-color: initial; outline-width: initial;\">\u00b7&nbsp;<b>Cookies propias<\/b>:<\/span><span style=\"outline: none; margin: 0px; padding: 0px;\">&nbsp;Son aquellas que se env\u00edan al equipo terminal del usuario desde un equipo o dominio gestionado por el propio editor del sitio web y desde el que se presta el servicio solicitado por el usuario.<br><\/span><span style=\"outline-color: initial; outline-width: initial;\">\u00b7&nbsp;<b>Cookies de terceros<\/b>:<\/span><span style=\"outline: none; margin: 0px; padding: 0px;\">&nbsp;Son aquellas que se env\u00edan al equipo terminal del usuario desde un equipo o dominio que no es gestionado por el editor del sitio web, sino por otra entidad que trata los datos obtenidos trav\u00e9s de las cookies.<br><\/span><span style=\"outline-color: initial; outline-width: initial;\">\u00b7&nbsp;<b>Cookies de sesi\u00f3n<\/b>:<\/span><span style=\"outline: none; margin: 0px; padding: 0px;\">&nbsp;Son cookies temporales que permanecen en el archivo de cookies de su navegador hasta que abandone la p\u00e1gina web, por lo que ninguna queda registrada en el disco duro del usuario. La informaci\u00f3n obtenida por medio de estas cookies sirve para analizar pautas de tr\u00e1fico en la web. Esto permite proporcionar una mejor experiencia para mejorar el contenido y facilitar su uso.<br><\/span><span style=\"outline-color: initial; outline-width: initial;\">\u00b7&nbsp;<b>Cookies permanentes<\/b>:<\/span><span style=\"outline: none; margin: 0px; padding: 0px;\">&nbsp;Son almacenadas en el disco duro y el sitio web las lee cada vez que el usuario realiza una nueva visita. Una cookie permanente posee una fecha de expiraci\u00f3n determinada. La cookie dejar\u00e1 de funcionar despu\u00e9s de esa fecha. Se utilizan para facilitar los servicios de compra y registro.<br><\/span><span style=\"outline-color: initial; outline-width: initial;\">\u00b7&nbsp;<b>Cookies t\u00e9cnicas<\/b>:<\/span><span style=\"outline: none; margin: 0px; padding: 0px;\">&nbsp;Son aquellas que permiten al usuario la navegaci\u00f3n a trav\u00e9s de una p\u00e1gina web, plataforma o aplicaci\u00f3n y la utilizaci\u00f3n de las diferentes opciones o servicios que en ella existan como, por ejemplo, controlar el tr\u00e1fico y la comunicaci\u00f3n de datos, identificar la sesi\u00f3n, acceder a partes de acceso restringido, recordar los elementos que integran un pedido, realizar el proceso de compra de un pedido, realizar la solicitud de inscripci\u00f3n o participaci\u00f3n en un evento, utilizar elementos de seguridad durante la navegaci\u00f3n, almacenar contenidos para la difusi\u00f3n de videos o sonido o compartir contenidos a trav\u00e9s de redes sociales.<br><\/span><span style=\"outline-color: initial; outline-width: initial;\">\u00b7&nbsp;<b>Cookies de personalizaci\u00f3n<\/b>:<\/span><span style=\"outline: none; margin: 0px; padding: 0px;\">&nbsp;Son aquellas que permiten al usuario acceder al servicio con algunas caracter\u00edsticas de car\u00e1cter general predefinidas en funci\u00f3n de una serie de criterios en el terminal del usuario como por ejemplo serian el idioma, el tipo de navegador a trav\u00e9s del cual accede al servicio, la configuraci\u00f3n regional desde donde accede al servicio, etc.<br><\/span><span style=\"outline-color: initial; outline-width: initial;\">\u00b7&nbsp;<b>Cookies de an\u00e1lisis<\/b>:<\/span><span style=\"outline: none; margin: 0px; padding: 0px;\">&nbsp;Son aquellas que permiten al responsable de las mismas, el seguimiento y an\u00e1lisis del comportamiento de los usuarios de los sitios web a los que est\u00e1n vinculadas. La informaci\u00f3n recogida mediante este tipo de cookies se utiliza en la medici\u00f3n de la actividad de los sitios web, aplicaci\u00f3n o plataforma y para la elaboraci\u00f3n de perfiles de navegaci\u00f3n de los usuarios de dichos sitios, aplicaciones y plataformas, con el fin de introducir mejoras en funci\u00f3n del an\u00e1lisis de los datos de uso que hacen los usuarios del servicio.<br><\/span><span style=\"outline-color: initial; outline-width: initial;\">\u00b7&nbsp;<b>Cookies publicitarias<\/b>:<\/span><span style=\"outline: none; margin: 0px; padding: 0px;\">&nbsp;Son aquellas que permiten la gesti\u00f3n de los espacios publicitarios que, en su caso, el editor haya incluido en una p\u00e1gina web, aplicaci\u00f3n o plataforma desde la que presta el servicio solicitado en base a criterios como el contenido editado o la frecuencia en la que se muestran los anuncios.<br><\/span><span style=\"outline-color: initial; outline-width: initial;\">\u00b7&nbsp;<b>Cookies de publicidad comportamental<\/b>:<\/span><span style=\"outline: none; margin: 0px; padding: 0px;\">&nbsp;Son aquellas que permiten la gesti\u00f3n de los espacios publicitarios que el editor haya incluido en una p\u00e1gina web, aplicaci\u00f3n o plataforma desde la que presta el servicio solicitado. Estas cookies almacenan informaci\u00f3n del comportamiento de los usuarios obtenida a trav\u00e9s de la observaci\u00f3n continuada de sus h\u00e1bitos de navegaci\u00f3n, lo que permite desarrollar un perfil espec\u00edfico para mostrar publicidad en funci\u00f3n del mismo.<\/span><\/p>\r\n<h5 style=\"color: rgb(65, 65, 69);\">\u00bfQu\u00e9 cookies utilizamos?<\/h5>\r\n<p>Este sitio Web puede utilizar las siguientes&nbsp;cookies:<br>\u00b7&nbsp;<b>Cookies de sesi\u00f3n&nbsp;(propias)<\/b>, para facilitar el manejo de la Web por parte del usuario.<br>\u00b7&nbsp;<b>Google Analytics<\/b>&nbsp;es una herramienta de an\u00e1lisis de Google que principalmente permite que los propietarios de sitios Web conozcan c\u00f3mo interact\u00faan los usuarios con su sitio Web. Google almacena la informaci\u00f3n suministrada por sus cookies de Google Analytics en servidores ubicados en Estados Unidos y se compromete a no compartirla con terceros, excepto en los casos en los que sea necesario para el funcionamiento del sistema o cuando la ley obligue a tal efecto.&nbsp;<br>Si desea informaci\u00f3n sobre el uso que Google da a las cookies, le adjuntamos este otro enlace (<a href=\"https:\/\/developers.google.com\/analytics\/devguides\/collection\/analyticsjs\/cookie-usage?hl=es&amp;csw=1\" style=\"background-color: rgb(255, 255, 255);\">https:\/\/developers.google.com\/analytics\/devguides\/collection\/analyticsjs\/cookie-usage?hl=es&amp;csw=1<\/a>)&nbsp;<br>Google Analytics no almacena informaci\u00f3n personal sobre los usuarios del sitio Web. Si desea m\u00e1s informaci\u00f3n puede consultar el documento sobre la&nbsp;privacidad de Google Analytics&nbsp;(<a href=\"https:\/\/www.google.com\/analytics\/learn\/privacy.html?hl=es\" style=\"background-color: rgb(255, 255, 255);\">https:\/\/www.google.com\/analytics\/learn\/privacy.html?hl=es<\/a>)<br>\u00b7&nbsp;<b>Redes sociales<\/b>: Cada red social utiliza sus propias cookies para que Usted pueda pinchar en botones del tipo Me gusta o Compartir (por lo que recomendamos consulte las condiciones de uso de cookies de cada red social).<br>En concreto:<br>\u00b7 Cookie: _ga<br>Duraci\u00f3n: 2 a\u00f1os<br>\u00b7 Cookie:&nbsp;_gat<br>Duraci\u00f3n: 1 minuto<br>\u00b7 Cookie: _gid<br>Duraci\u00f3n: 1 d\u00eda<br>\u00b7 Cookie: cdp-cookies-plugin-wp<br>Duraci\u00f3n: 1 a\u00f1o<br>(El responsable de esta Web no se hace responsable ni del contenido ni de la veracidad de las pol\u00edticas de privacidad que puedan tener los terceros mencionados en la presente Pol\u00edtica de Cookies).<\/p>\r\n<h5 style=\"color: rgb(65, 65, 69);\">\u00bfC\u00f3mo puedo configurar mis preferencias?<\/h5>\r\n<p>El Usuario, al navegar por nuestra Web est\u00e1 consintiendo el uso de las cookies en las condiciones contenidas en la presente Pol\u00edtica de Cookies, sin perjuicio de que pueda ejercer su derecho a bloquear, eliminar y rechazar el uso de cookies en todo momento.<br>Para la simple navegaci\u00f3n por nuestra Web las cookies no son necesarias&nbsp;(aunque el uso de alguno de los servicios de la Web podr\u00eda ser limitado) por lo que puede bloquearlas o deshabilitarlas accediendo a la configuraci\u00f3n de su navegador para rechazar la instalaci\u00f3n de todas las cookies o de algunas de ellas.<br>Los navegadores son las herramientas encargadas de almacenar las cookies y es desde donde el Usuario debe efectuar su derecho a eliminaci\u00f3n o desactivaci\u00f3n de las mismas. Ni esta Web ni sus representantes legales pueden garantizar la correcta o incorrecta manipulaci\u00f3n de las cookies por parte de los mencionados navegadores.<br>A continuaci\u00f3n le indicamos los links de los principales navegadores y dispositivos para que disponga de toda la informaci\u00f3n para consultar c\u00f3mo gestionar las cookies en su navegador.<br>\u00b7 Internet Explorer\u2122:<br>https:\/\/support.microsoft.com\/es-es\/help\/17442\/windows-internet-explorer-delete-manage-cookies<br>\u00b7 Safari\u2122:<br>http:\/\/support.apple.com\/kb\/HT1677?viewlocale=es_ES<br>\u00b7 Google\u2122:<br>https:\/\/support.google.com\/chrome\/answer\/95647?hl=es&amp;hlrm=en<br>\u00b7 Firefox\u2122:<br>http:\/\/support.mozilla.org\/es\/kb\/cookies-informacion-que-los-sitios-Web-guardan-en-?redirectlocale=en-US&amp;redirectslug=Cookies<br>\u00b7 Opera\u2122:<br>http:\/\/help.opera.com\/Windows\/11.50\/es-ES\/cookies.html<\/p>\r\n<h5 style=\"color: rgb(65, 65, 69);\">\u00bfActualizamos la Pol\u00edtica de Cookies?<\/h5>\r\n<p>En funci\u00f3n de los cambios que realicemos en la Web, es posible que actualicemos la Pol\u00edtica de Cookies. Por ello recomendamos revisar esta pol\u00edtica cada vez que se acceda a nuestra Web con el objetivo de estar adecuadamente informado sobre c\u00f3mo y para qu\u00e9 usamos las cookies.<\/p><p><br><\/p><p><br><\/p><p><br><\/p>\r\n<\/div><\/div><\/div><\/div><\/div><\/div><\/div>","protected":false},"excerpt":{"rendered":"","protected":false},"author":1,"featured_media":0,"parent":0,"menu_order":0,"comment_status":"closed","ping_status":"closed","template":"","meta":{"inline_featured_image":false,"footnotes":""},"_links":{"self":[{"href":"https:\/\/aransantamaria.com\/es\/wp-json\/wp\/v2\/pages\/2021"}],"collection":[{"href":"https:\/\/aransantamaria.com\/es\/wp-json\/wp\/v2\/pages"}],"about":[{"href":"https:\/\/aransantamaria.com\/es\/wp-json\/wp\/v2\/types\/page"}],"author":[{"embeddable":true,"href":"https:\/\/aransantamaria.com\/es\/wp-json\/wp\/v2\/users\/1"}],"replies":[{"embeddable":true,"href":"https:\/\/aransantamaria.com\/es\/wp-json\/wp\/v2\/comments?post=2021"}],"version-history":[{"count":6,"href":"https:\/\/aransantamaria.com\/es\/wp-json\/wp\/v2\/pages\/2021\/revisions"}],"predecessor-version":[{"id":2164,"href":"https:\/\/aransantamaria.com\/es\/wp-json\/wp\/v2\/pages\/2021\/revisions\/2164"}],"wp:attachment":[{"href":"https:\/\/aransantamaria.com\/es\/wp-json\/wp\/v2\/media?parent=2021"}],"curies":[{"name":"wp","href":"https:\/\/api.w.org\/{rel}","templated":true}]}}